{"id":4572,"date":"2021-12-22T23:17:54","date_gmt":"2021-12-22T23:17:54","guid":{"rendered":"https:\/\/monovolumen.mx\/?page_id=4572"},"modified":"2023-06-23T18:04:03","modified_gmt":"2023-06-23T18:04:03","slug":"estudio","status":"publish","type":"page","link":"https:\/\/monovolumen.mx\/index.php\/estudio\/","title":{"rendered":"Estudio"},"content":{"rendered":"\t\t<div data-elementor-type=\"wp-page\" data-elementor-id=\"4572\" class=\"elementor elementor-4572\">\n\t\t\t\t\t\t<section class=\"elementor-section elementor-top-section elementor-element elementor-element-4190835 elementor-section-boxed elementor-section-height-default elementor-section-height-default\" data-id=\"4190835\" data-element_type=\"section\">\n\t\t\t\t\t\t<div class=\"elementor-container elementor-column-gap-default\">\n\t\t\t\t\t<div class=\"elementor-column elementor-col-100 elementor-top-column elementor-element elementor-element-debcd00 ot-flex-column-vertical\" data-id=\"debcd00\" data-element_type=\"column\">\n\t\t\t<div class=\"elementor-widget-wrap elementor-element-populated\">\n\t\t\t\t\t\t<div class=\"elementor-element elementor-element-6c11db9 elementor-widget elementor-widget-spacer\" data-id=\"6c11db9\" data-element_type=\"widget\" data-widget_type=\"spacer.default\">\n\t\t\t\t<div class=\"elementor-widget-container\">\n\t\t\t\t\t<div class=\"elementor-spacer\">\n\t\t\t<div class=\"elementor-spacer-inner\"><\/div>\n\t\t<\/div>\n\t\t\t\t<\/div>\n\t\t\t\t<\/div>\n\t\t\t\t<div class=\"elementor-element elementor-element-0649e6d elementor-widget elementor-widget-heading\" data-id=\"0649e6d\" data-element_type=\"widget\" data-widget_type=\"heading.default\">\n\t\t\t\t<div class=\"elementor-widget-container\">\n\t\t\t<h2 class=\"elementor-heading-title elementor-size-xl\">SOBRE MONOVOLUMEN<\/h2>\t\t<\/div>\n\t\t\t\t<\/div>\n\t\t\t\t<div class=\"elementor-element elementor-element-768f315 elementor-widget elementor-widget-text-editor\" data-id=\"768f315\" data-element_type=\"widget\" data-widget_type=\"text-editor.default\">\n\t\t\t\t<div class=\"elementor-widget-container\">\n\t\t\t\t\t\t\t<p>\u00a0<\/p><p>Monovolumen es un estudio de Arquitectura e Interiorismo con base en Monterrey, Nuevo Le\u00f3n, M\u00e9xico, dirigido por el Arq. David Gamboa.<\/p><p>El estudio desarrolla proyectos de diversos rubros como el comercial, residencial, y corporativo.<\/p><p>Por m\u00e1s de 15 a\u00f1os hemos adquirido una gran experiencia en el dise\u00f1o de restaurantes, casas, retail y oficinas.<span class=\"Apple-converted-space\">\u00a0<\/span><\/p><p>En Monovolumen creemos que a trav\u00e9s del dise\u00f1o de experiencia se viven mejor los espacios y se transmiten emociones que perduran en el usuario, por ello nuestro compromiso es desarrollar proyectos que resulten en una gran propuesta creativa y funcional, tomando en cuenta para ello el sitio, presupuesto, y primordialmente cubrir las necesidades del cliente.<\/p><p>La arquitectura y el interiorismo lo entendemos como un todo, donde cada elemento se complementa con el siguiente, y as\u00ed hasta conformar un solo volumen.<\/p>\t\t\t\t\t\t<\/div>\n\t\t\t\t<\/div>\n\t\t\t\t\t<\/div>\n\t\t<\/div>\n\t\t\t\t\t<\/div>\n\t\t<\/section>\n\t\t\t\t<section class=\"elementor-section elementor-top-section elementor-element elementor-element-85085fa elementor-section-boxed elementor-section-height-default elementor-section-height-default\" data-id=\"85085fa\" data-element_type=\"section\">\n\t\t\t\t\t\t<div class=\"elementor-container elementor-column-gap-default\">\n\t\t\t\t\t<div class=\"elementor-column elementor-col-100 elementor-top-column elementor-element elementor-element-d3074fd ot-flex-column-vertical\" data-id=\"d3074fd\" data-element_type=\"column\">\n\t\t\t<div class=\"elementor-widget-wrap elementor-element-populated\">\n\t\t\t\t\t\t<div class=\"elementor-element elementor-element-a21d637 elementor-widget elementor-widget-spacer\" data-id=\"a21d637\" data-element_type=\"widget\" data-widget_type=\"spacer.default\">\n\t\t\t\t<div class=\"elementor-widget-container\">\n\t\t\t\t\t<div class=\"elementor-spacer\">\n\t\t\t<div class=\"elementor-spacer-inner\"><\/div>\n\t\t<\/div>\n\t\t\t\t<\/div>\n\t\t\t\t<\/div>\n\t\t\t\t\t<\/div>\n\t\t<\/div>\n\t\t\t\t\t<\/div>\n\t\t<\/section>\n\t\t\t\t<section class=\"elementor-section elementor-top-section elementor-element elementor-element-e77f81b elementor-section-boxed elementor-section-height-default elementor-section-height-default\" data-id=\"e77f81b\" data-element_type=\"section\">\n\t\t\t\t\t\t<div class=\"elementor-container elementor-column-gap-default\">\n\t\t\t\t\t<div class=\"elementor-column elementor-col-100 elementor-top-column elementor-element elementor-element-a3a8f96 ot-flex-column-vertical\" data-id=\"a3a8f96\" data-element_type=\"column\">\n\t\t\t<div class=\"elementor-widget-wrap elementor-element-populated\">\n\t\t\t\t\t\t<div class=\"elementor-element elementor-element-bd8b145 elementor-widget elementor-widget-heading\" data-id=\"bd8b145\" data-element_type=\"widget\" data-widget_type=\"heading.default\">\n\t\t\t\t<div class=\"elementor-widget-container\">\n\t\t\t<h2 class=\"elementor-heading-title elementor-size-large\">MARCAS PARA LAS QUE HEMOS DISE\u00d1ADO<\/h2>\t\t<\/div>\n\t\t\t\t<\/div>\n\t\t\t\t\t<\/div>\n\t\t<\/div>\n\t\t\t\t\t<\/div>\n\t\t<\/section>\n\t\t\t\t<section class=\"elementor-section elementor-top-section elementor-element elementor-element-f5538e8 elementor-section-boxed elementor-section-height-default elementor-section-height-default\" data-id=\"f5538e8\" data-element_type=\"section\">\n\t\t\t\t\t\t<div class=\"elementor-container elementor-column-gap-default\">\n\t\t\t\t\t<div class=\"elementor-column elementor-col-100 elementor-top-column elementor-element elementor-element-265cfba ot-flex-column-vertical\" data-id=\"265cfba\" data-element_type=\"column\">\n\t\t\t<div class=\"elementor-widget-wrap elementor-element-populated\">\n\t\t\t\t\t\t<div class=\"elementor-element elementor-element-5d46288 elementor-widget elementor-widget-spacer\" data-id=\"5d46288\" data-element_type=\"widget\" data-widget_type=\"spacer.default\">\n\t\t\t\t<div class=\"elementor-widget-container\">\n\t\t\t\t\t<div class=\"elementor-spacer\">\n\t\t\t<div class=\"elementor-spacer-inner\"><\/div>\n\t\t<\/div>\n\t\t\t\t<\/div>\n\t\t\t\t<\/div>\n\t\t\t\t<div class=\"elementor-element elementor-element-d7c28b5 elementor-widget elementor-widget-theratio-image-carousel\" data-id=\"d7c28b5\" data-element_type=\"widget\" data-widget_type=\"theratio-image-carousel.default\">\n\t\t\t\t<div class=\"elementor-widget-container\">\n\t\t\t\t\t\r\n\t\t<div class=\"image-carousel swiper-container\"  data-show=\"\" data-show-tablet=\"\" data-show-mobile=\"\" data-scroll=\"\" data-scroll-tablet=\"\" data-scroll-mobile=\"\" data-gaps=\"90\" data-gaps-tablet=\"\" data-gaps-mobile=\"\">\r\n\t\t\t<div class=\"swiper-wrapper\">\r\n\t\t        <div class=\"swiper-slide\"><div class=\"img-item\"><figure><img decoding=\"async\" src=\"https:\/\/monovolumen.mx\/wp-content\/uploads\/2021\/12\/client05-elementoextra-03-1.png\" alt=\"MR. BROWN\"><\/figure><\/div><\/div><div class=\"swiper-slide\"><div class=\"img-item\"><figure><img decoding=\"async\" src=\"https:\/\/monovolumen.mx\/wp-content\/uploads\/2021\/12\/client05-elementoextra-01.png\" alt=\"BUFFALO PIZZA\"><\/figure><\/div><\/div><div class=\"swiper-slide\"><div class=\"img-item\"><figure><img decoding=\"async\" src=\"https:\/\/monovolumen.mx\/wp-content\/uploads\/2021\/12\/client05-elementoextra-02.png\" alt=\"DON CARBON\"><\/figure><\/div><\/div><div class=\"swiper-slide\"><div class=\"img-item\"><figure><img decoding=\"async\" src=\"https:\/\/monovolumen.mx\/wp-content\/uploads\/2021\/12\/client05-elementoextra-04.png\" alt=\"\"><\/figure><\/div><\/div><div class=\"swiper-slide\"><div class=\"img-item\"><figure><img decoding=\"async\" src=\"https:\/\/monovolumen.mx\/wp-content\/uploads\/2021\/12\/client05-elementoextra-06.png\" alt=\"\"><\/figure><\/div><\/div><div class=\"swiper-slide\"><div class=\"img-item\"><figure><img decoding=\"async\" src=\"https:\/\/monovolumen.mx\/wp-content\/uploads\/2021\/12\/client05-elementoextra-07.png\" alt=\"\"><\/figure><\/div><\/div><div class=\"swiper-slide\"><div class=\"img-item\"><figure><img decoding=\"async\" src=\"https:\/\/monovolumen.mx\/wp-content\/uploads\/2021\/12\/client05-elementoextra-09.png\" alt=\"\"><\/figure><\/div><\/div><div class=\"swiper-slide\"><div class=\"img-item\"><figure><img decoding=\"async\" src=\"https:\/\/monovolumen.mx\/wp-content\/uploads\/2021\/12\/client05-elementoextra-10.png\" alt=\"\"><\/figure><\/div><\/div><div class=\"swiper-slide\"><div class=\"img-item\"><figure><img decoding=\"async\" src=\"https:\/\/monovolumen.mx\/wp-content\/uploads\/2021\/12\/client05-elementoextra-13.png\" alt=\"\"><\/figure><\/div><\/div><div class=\"swiper-slide\"><div class=\"img-item\"><figure><img decoding=\"async\" src=\"https:\/\/monovolumen.mx\/wp-content\/uploads\/2021\/12\/client05-elementoextra-14.png\" alt=\"\"><\/figure><\/div><\/div><div class=\"swiper-slide\"><div class=\"img-item\"><figure><img decoding=\"async\" src=\"https:\/\/monovolumen.mx\/wp-content\/uploads\/2022\/01\/client05-elementoextra-21.png\" alt=\"\"><\/figure><\/div><\/div><div class=\"swiper-slide\"><div class=\"img-item\"><figure><img decoding=\"async\" src=\"https:\/\/monovolumen.mx\/wp-content\/uploads\/2022\/01\/client05-elementoextra-32.png\" alt=\"\"><\/figure><\/div><\/div><div class=\"swiper-slide\"><div class=\"img-item\"><figure><img decoding=\"async\" src=\"https:\/\/monovolumen.mx\/wp-content\/uploads\/2022\/01\/client05-elementoextra-20.png\" alt=\"\"><\/figure><\/div><\/div><div class=\"swiper-slide\"><div class=\"img-item\"><figure><img decoding=\"async\" src=\"https:\/\/monovolumen.mx\/wp-content\/uploads\/2022\/01\/client05-elementoextra-35.png\" alt=\"\"><\/figure><\/div><\/div><div class=\"swiper-slide\"><div class=\"img-item\"><figure><img decoding=\"async\" src=\"https:\/\/monovolumen.mx\/wp-content\/uploads\/2022\/01\/client05-elementoextra-33.png\" alt=\"\"><\/figure><\/div><\/div><div class=\"swiper-slide\"><div class=\"img-item\"><figure><img decoding=\"async\" src=\"https:\/\/monovolumen.mx\/wp-content\/uploads\/2022\/01\/client05-elementoextra-31.png\" alt=\"\"><\/figure><\/div><\/div><div class=\"swiper-slide\"><div class=\"img-item\"><figure><img decoding=\"async\" src=\"https:\/\/monovolumen.mx\/wp-content\/uploads\/2022\/01\/client05-elementoextra-30.png\" alt=\"\"><\/figure><\/div><\/div><div class=\"swiper-slide\"><div class=\"img-item\"><figure><img decoding=\"async\" src=\"https:\/\/monovolumen.mx\/wp-content\/uploads\/2022\/01\/client05-elementoextra-27.png\" alt=\"\"><\/figure><\/div><\/div><div class=\"swiper-slide\"><div class=\"img-item\"><figure><img decoding=\"async\" src=\"https:\/\/monovolumen.mx\/wp-content\/uploads\/2022\/01\/client05-elementoextra-26.png\" alt=\"\"><\/figure><\/div><\/div><div class=\"swiper-slide\"><div class=\"img-item\"><figure><img decoding=\"async\" src=\"https:\/\/monovolumen.mx\/wp-content\/uploads\/2022\/01\/client05-elementoextra-25.png\" alt=\"\"><\/figure><\/div><\/div><div class=\"swiper-slide\"><div class=\"img-item\"><figure><img decoding=\"async\" src=\"https:\/\/monovolumen.mx\/wp-content\/uploads\/2022\/01\/client05-elementoextra-24.png\" alt=\"\"><\/figure><\/div><\/div><div class=\"swiper-slide\"><div class=\"img-item\"><figure><img decoding=\"async\" src=\"https:\/\/monovolumen.mx\/wp-content\/uploads\/2022\/01\/client05-elementoextra-23.png\" alt=\"\"><\/figure><\/div><\/div><div class=\"swiper-slide\"><div class=\"img-item\"><figure><img decoding=\"async\" src=\"https:\/\/monovolumen.mx\/wp-content\/uploads\/2022\/01\/client05-elementoextra-16.png\" alt=\"\"><\/figure><\/div><\/div><div class=\"swiper-slide\"><div class=\"img-item\"><figure><img decoding=\"async\" src=\"https:\/\/monovolumen.mx\/wp-content\/uploads\/2022\/01\/client05-elementoextra-38.png\" alt=\"\"><\/figure><\/div><\/div><div class=\"swiper-slide\"><div class=\"img-item\"><figure><img decoding=\"async\" src=\"https:\/\/monovolumen.mx\/wp-content\/uploads\/2023\/06\/client05-elementoextra-39.png\" alt=\"\"><\/figure><\/div><\/div>\t\t    <\/div>\r\n\r\n\t\t\t\t\t\t\t    <\/div>\r\n\t\t\t\t<\/div>\n\t\t\t\t<\/div>\n\t\t\t\t<div class=\"elementor-element elementor-element-a521975 elementor-widget elementor-widget-spacer\" data-id=\"a521975\" data-element_type=\"widget\" data-widget_type=\"spacer.default\">\n\t\t\t\t<div class=\"elementor-widget-container\">\n\t\t\t\t\t<div class=\"elementor-spacer\">\n\t\t\t<div class=\"elementor-spacer-inner\"><\/div>\n\t\t<\/div>\n\t\t\t\t<\/div>\n\t\t\t\t<\/div>\n\t\t\t\t\t<\/div>\n\t\t<\/div>\n\t\t\t\t\t<\/div>\n\t\t<\/section>\n\t\t\t\t<\/div>\n\t\t","protected":false},"excerpt":{"rendered":"<p>SOBRE MONOVOLUMEN \u00a0 Monovolumen es un estudio de Arquitectura e Interiorismo con base en Monterrey, Nuevo Le\u00f3n, M\u00e9xico, dirigido por el Arq. David Gamboa. El estudio desarrolla proyectos de diversos rubros como el comercial, residencial, y corporativo. Por m\u00e1s de 15 a\u00f1os hemos adquirido una gran experiencia en el dise\u00f1o de restaurantes, casas, retail y [&hellip;]<\/p>\n","protected":false},"author":1,"featured_media":0,"parent":0,"menu_order":0,"comment_status":"closed","ping_status":"closed","template":"","meta":{"footnotes":""},"class_list":["post-4572","page","type-page","status-publish","hentry"],"_links":{"self":[{"href":"https:\/\/monovolumen.mx\/index.php\/wp-json\/wp\/v2\/pages\/4572","targetHints":{"allow":["GET"]}}],"collection":[{"href":"https:\/\/monovolumen.mx\/index.php\/wp-json\/wp\/v2\/pages"}],"about":[{"href":"https:\/\/monovolumen.mx\/index.php\/wp-json\/wp\/v2\/types\/page"}],"author":[{"embeddable":true,"href":"https:\/\/monovolumen.mx\/index.php\/wp-json\/wp\/v2\/users\/1"}],"replies":[{"embeddable":true,"href":"https:\/\/monovolumen.mx\/index.php\/wp-json\/wp\/v2\/comments?post=4572"}],"version-history":[{"count":87,"href":"https:\/\/monovolumen.mx\/index.php\/wp-json\/wp\/v2\/pages\/4572\/revisions"}],"predecessor-version":[{"id":4978,"href":"https:\/\/monovolumen.mx\/index.php\/wp-json\/wp\/v2\/pages\/4572\/revisions\/4978"}],"wp:attachment":[{"href":"https:\/\/monovolumen.mx\/index.php\/wp-json\/wp\/v2\/media?parent=4572"}],"curies":[{"name":"wp","href":"https:\/\/api.w.org\/{rel}","templated":true}]}}